{"id":163,"date":"2015-11-24T11:15:36","date_gmt":"2015-11-24T11:15:36","guid":{"rendered":"http:\/\/equipoeduca.com\/?page_id=163"},"modified":"2020-05-17T12:19:53","modified_gmt":"2020-05-17T12:19:53","slug":"programa-profesionales-con-hijos","status":"publish","type":"page","link":"https:\/\/equipoeduca.com\/index.php\/programa-profesionales-con-hijos\/","title":{"rendered":"Coaching Familiar"},"content":{"rendered":"<div class=\"vc_row wpb_row vc_row-fluid\"><div class=\"wpb_column vc_column_container vc_col-sm-6\"><div class=\"wpb_wrapper\"><h2 style=\"text-align: left;font-family:Montserrat;font-weight:700;font-style:normal\" class=\"vc_custom_heading\">Permite que la Familia mejore su convivencia y las relaciones entre sus miembros<\/h2><\/div><\/div><div class=\"wpb_column vc_column_container vc_col-sm-6\"><div class=\"wpb_wrapper\">\n\t<div class=\"wpb_single_image wpb_content_element vc_align_right\">\n\t\t<div class=\"wpb_wrapper\">\n\t\t\t\n\t\t\t<div class=\"vc_single_image-wrapper   vc_box_border_grey\"><img loading=\"lazy\" decoding=\"async\" width=\"300\" height=\"200\" src=\"https:\/\/equipoeduca.com\/wp-content\/uploads\/2015\/11\/mesa-conportatil-y-gafas-fondo-blanco-300x200.jpg\" class=\"vc_single_image-img attachment-medium\" alt=\"\" srcset=\"https:\/\/equipoeduca.com\/wp-content\/uploads\/2015\/11\/mesa-conportatil-y-gafas-fondo-blanco-300x200.jpg 300w, https:\/\/equipoeduca.com\/wp-content\/uploads\/2015\/11\/mesa-conportatil-y-gafas-fondo-blanco-600x400.jpg 600w, https:\/\/equipoeduca.com\/wp-content\/uploads\/2015\/11\/mesa-conportatil-y-gafas-fondo-blanco-1024x683.jpg 1024w, https:\/\/equipoeduca.com\/wp-content\/uploads\/2015\/11\/mesa-conportatil-y-gafas-fondo-blanco-82x55.jpg 82w, https:\/\/equipoeduca.com\/wp-content\/uploads\/2015\/11\/mesa-conportatil-y-gafas-fondo-blanco-100x67.jpg 100w, https:\/\/equipoeduca.com\/wp-content\/uploads\/2015\/11\/mesa-conportatil-y-gafas-fondo-blanco-156x104.jpg 156w, https:\/\/equipoeduca.com\/wp-content\/uploads\/2015\/11\/mesa-conportatil-y-gafas-fondo-blanco.jpg 1920w\" sizes=\"auto, (max-width: 300px) 100vw, 300px\" \/><\/div>\n\t\t<\/div>\n\t<\/div>\n<\/div><\/div><\/div><div class=\"vc_row wpb_row vc_row-fluid\"><\/div><div class=\"wpb_column vc_column_container vc_col-sm-12\"><div class=\"wpb_wrapper\"><\/div><\/div>\n\t<div class=\"wpb_text_column wpb_content_element \">\n\t\t<div class=\"wpb_wrapper\">\n\t\t\t\n\t\t<\/div>\n\t<\/div>\n\n\n\n<p> La Familia es un \u00abProyecto de Vida Com\u00fan\u00bb, y como todo proyecto necesita:<\/p>\n\n\n\n<p> &#8211; informarse y formarse\u00a0<\/p>\n\n\n\n<p> &#8211; definir objetivos<\/p>\n\n\n\n<p> &#8211; buscar recursos<\/p>\n\n\n\n<p> &#8211; y poner en pr\u00e1ctica. &nbsp;<\/p>\n\n\n\n<p>EquipoEduca ofrece un programa de formaci\u00f3n para dotar a los padres de las herramientas necesarias para acompa\u00f1ar a los hijos en su desarrollo integral como personas. \u00a0 <\/p>\n\n\n\n<h3 class=\"wp-block-heading\"><strong>Los objetivos del Coaching Familiar son:<\/strong><\/h3>\n\n\n\n<p> &nbsp;1. Conocer, descubrir y adquirir las habilidades y capacidades que los padres\/educadores necesitan para realizar una satisfactoria gesti\u00f3n familiar. &nbsp;<\/p>\n\n\n\n<p> 2. Definir los objetivos y planificar estrategias a seguir para acompa\u00f1ar en el desarrollo integral de sus hijos. \u00a0<\/p>\n\n\n\n<p> 3. Desarrollar un plan educativo personalizado seg\u00fan las caracter\u00edsticas de cada hijo. \u00a0 <\/p>\n\n\n\n<p>4. Evaluar los objetivos conseguidos y planificar otros nuevos. &nbsp; &nbsp; <\/p>\n","protected":false},"excerpt":{"rendered":"<p>La Familia es un \u00abProyecto de Vida Com\u00fan\u00bb, y como todo proyecto necesita: &#8211; informarse y formarse\u00a0 &#8211; definir objetivos &#8211; buscar recursos &#8211; y poner en pr\u00e1ctica. &nbsp; EquipoEduca ofrece un programa de formaci\u00f3n para dotar a los padres de las herramientas necesarias para acompa\u00f1ar a los hijos en su desarrollo integral como personas. [&hellip;]<\/p>\n","protected":false},"author":1,"featured_media":0,"parent":0,"menu_order":0,"comment_status":"closed","ping_status":"closed","template":"","meta":{"footnotes":""},"class_list":["post-163","page","type-page","status-publish","hentry"],"_links":{"self":[{"href":"https:\/\/equipoeduca.com\/index.php\/wp-json\/wp\/v2\/pages\/163","targetHints":{"allow":["GET"]}}],"collection":[{"href":"https:\/\/equipoeduca.com\/index.php\/wp-json\/wp\/v2\/pages"}],"about":[{"href":"https:\/\/equipoeduca.com\/index.php\/wp-json\/wp\/v2\/types\/page"}],"author":[{"embeddable":true,"href":"https:\/\/equipoeduca.com\/index.php\/wp-json\/wp\/v2\/users\/1"}],"replies":[{"embeddable":true,"href":"https:\/\/equipoeduca.com\/index.php\/wp-json\/wp\/v2\/comments?post=163"}],"version-history":[{"count":14,"href":"https:\/\/equipoeduca.com\/index.php\/wp-json\/wp\/v2\/pages\/163\/revisions"}],"predecessor-version":[{"id":1985,"href":"https:\/\/equipoeduca.com\/index.php\/wp-json\/wp\/v2\/pages\/163\/revisions\/1985"}],"wp:attachment":[{"href":"https:\/\/equipoeduca.com\/index.php\/wp-json\/wp\/v2\/media?parent=163"}],"curies":[{"name":"wp","href":"https:\/\/api.w.org\/{rel}","templated":true}]}}