{"id":1960,"date":"2020-05-17T11:06:16","date_gmt":"2020-05-17T11:06:16","guid":{"rendered":"http:\/\/equipoeduca.com\/?page_id=1960"},"modified":"2020-05-17T11:06:17","modified_gmt":"2020-05-17T11:06:17","slug":"modelo-555","status":"publish","type":"page","link":"https:\/\/equipoeduca.com\/index.php\/modelo-555\/","title":{"rendered":"Modelo 555"},"content":{"rendered":"\n<p>M\u00c9TODO 555 de CoachingxValores.<\/p>\n\n\n\n<hr class=\"wp-block-separator\"\/>\n\n\n\n<p class=\"has-text-align-center\"><strong>En la adolescencia los ni\u00f1os pierden su identidad, <br> unas veces se les trata como a ni\u00f1os y otras en cambio como adultos.<\/strong><\/p>\n\n\n\n<hr class=\"wp-block-separator\"\/>\n\n\n\n<p>En esta fase, los estudios y resultados acad\u00e9micos suelen verse afectados, as\u00ed como las malas contestaciones, los comportamientos de rebeld\u00eda o los enfados caprichosos.<\/p>\n\n\n\n<p><strong>\u00bfPor qu\u00e9 el m\u00e9todo 5-5-5 de coaching por valores les puede ayudar?<\/strong><\/p>\n\n\n\n<p>El coaching es una herramienta que ayuda a gestionar procesos de cambio, consiguiendo llevar a la persona del estado actual a un estado deseado a trav\u00e9s de preguntas que le hacen ser consciente de su realidad y descubrir sus propios recursos y soluciones o respuestas. <\/p>\n\n\n\n<p>Utilizar los VALORES aporta una pieza definitiva para que el adolescente identifique y ponga nombre a aquellos que es m\u00e1s importantes para \u00e9l, de una forma f\u00e1cil y divertida a trav\u00e9s del juego. <\/p>\n\n\n\n<p>En este proceso se utiliza un juego de cartas el VALOR DE LOS VALORES, con el que el adolescente empezar\u00e1 a identificar los valores m\u00e1s importantes para \u00e9l y cu\u00e1les son los que necesitar\u00eda para conseguir su objetivo: MEJORAR LAS NOTAS, por ejemplo.<\/p>\n\n\n\n<p>Una vez que ha elegido sus valores en la vida, se har\u00e1 responsable de las acciones a llevar a cabo para conseguir su objetivo aline\u00e1ndolos con sus valores.  Se dar\u00e1 cuenta tambi\u00e9n de que los valores personales pueden ser diferentes a los valores que tiene para los estudios, y aprender\u00e1 a trabajar con ellos y ver las incongruencias que hay. <\/p>\n\n\n\n<p>El m\u00e9todo 5-5-5 es un proceso de 5 semanas con 5 adolescentes. Cada semana el adolescente tendr\u00e1 que ir identificando 5 valores que al final le ayuden a mejorar sus resultados acad\u00e9micos.<\/p>\n\n\n\n<p>Durante el proceso el adolescente va tomando conciencia de c\u00f3mo el trabajo con valores le ayudar\u00e1 en su vida tanto personal como acad\u00e9mica, y EMPEZAR\u00c1 A SER RESPONSABLE DE SUS PROPIAS DECISIONES, dise\u00f1ando su plan de acci\u00f3n cada semana con el que se COMPROMETE a llevarlo a cabo.<\/p>\n\n\n\n<hr class=\"wp-block-separator\"\/>\n\n\n\n<p class=\"has-text-align-center\"><strong>\u00a1CON EL M\u00c9TODO 5-5-5 <\/strong><\/p>\n\n\n\n<p class=\"has-text-align-center\"><strong>EL ADOLESCENTE EMPEZAR\u00c1 A TOMAR LAS RIENDAS DE SU VIDA!<\/strong><\/p>\n\n\n\n<hr class=\"wp-block-separator\"\/>\n\n\n\n<p>El hecho de 5 adolescentes hace que todo sea m\u00e1s f\u00e1cil y m\u00e1s divertido para ellos. Comparten todos juntos sus inquietudes y problemas y de alguna forma se hace una alianza de compromiso y apoyo entre ellos para cumplir el objetivo.<\/p>\n\n\n\n<p>Las conclusiones y acciones que tome cada adolescente tambi\u00e9n enriquecer\u00e1n al resto, abriendo quiz\u00e1s nuevas posibilidades que solos no hubieran percibido.<\/p>\n","protected":false},"excerpt":{"rendered":"<p>M\u00c9TODO 555 de CoachingxValores. En la adolescencia los ni\u00f1os pierden su identidad, unas veces se les trata como a ni\u00f1os y otras en cambio como adultos. En esta fase, los estudios y resultados acad\u00e9micos suelen verse afectados, as\u00ed como las malas contestaciones, los comportamientos de rebeld\u00eda o los enfados caprichosos. \u00bfPor qu\u00e9 el m\u00e9todo 5-5-5 [&hellip;]<\/p>\n","protected":false},"author":3,"featured_media":0,"parent":0,"menu_order":0,"comment_status":"closed","ping_status":"closed","template":"","meta":{"footnotes":""},"class_list":["post-1960","page","type-page","status-publish","hentry"],"_links":{"self":[{"href":"https:\/\/equipoeduca.com\/index.php\/wp-json\/wp\/v2\/pages\/1960","targetHints":{"allow":["GET"]}}],"collection":[{"href":"https:\/\/equipoeduca.com\/index.php\/wp-json\/wp\/v2\/pages"}],"about":[{"href":"https:\/\/equipoeduca.com\/index.php\/wp-json\/wp\/v2\/types\/page"}],"author":[{"embeddable":true,"href":"https:\/\/equipoeduca.com\/index.php\/wp-json\/wp\/v2\/users\/3"}],"replies":[{"embeddable":true,"href":"https:\/\/equipoeduca.com\/index.php\/wp-json\/wp\/v2\/comments?post=1960"}],"version-history":[{"count":1,"href":"https:\/\/equipoeduca.com\/index.php\/wp-json\/wp\/v2\/pages\/1960\/revisions"}],"predecessor-version":[{"id":1961,"href":"https:\/\/equipoeduca.com\/index.php\/wp-json\/wp\/v2\/pages\/1960\/revisions\/1961"}],"wp:attachment":[{"href":"https:\/\/equipoeduca.com\/index.php\/wp-json\/wp\/v2\/media?parent=1960"}],"curies":[{"name":"wp","href":"https:\/\/api.w.org\/{rel}","templated":true}]}}