{"id":1970,"date":"2020-05-17T11:33:03","date_gmt":"2020-05-17T11:33:03","guid":{"rendered":"http:\/\/equipoeduca.com\/?page_id=1970"},"modified":"2020-05-17T21:00:07","modified_gmt":"2020-05-17T21:00:07","slug":"programa-aula-2","status":"publish","type":"page","link":"https:\/\/equipoeduca.com\/index.php\/programa-aula-2\/","title":{"rendered":"Proyectos Educativos"},"content":{"rendered":"\t\t<div data-elementor-type=\"wp-page\" data-elementor-id=\"1970\" class=\"elementor elementor-1970\" data-elementor-settings=\"[]\">\n\t\t\t<div class=\"elementor-inner\">\n\t\t\t\t<div class=\"elementor-section-wrap\">\n\t\t\t\t\t\t\t<section class=\"elementor-element elementor-element-58d271f elementor-section-boxed elementor-section-height-default elementor-section-height-default elementor-section elementor-top-section\" data-id=\"58d271f\" data-element_type=\"section\">\n\t\t\t\t\t\t<div class=\"elementor-container elementor-column-gap-default\">\n\t\t\t\t<div class=\"elementor-row\">\n\t\t\t\t<div class=\"elementor-element elementor-element-5b1d130 elementor-column elementor-col-50 elementor-top-column\" data-id=\"5b1d130\" data-element_type=\"column\">\n\t\t\t<div class=\"elementor-column-wrap  elementor-element-populated\">\n\t\t\t\t\t<div class=\"elementor-widget-wrap\">\n\t\t\t\t<div class=\"elementor-element elementor-element-81ac39c elementor-widget elementor-widget-heading\" data-id=\"81ac39c\" data-element_type=\"widget\" data-widget_type=\"heading.default\">\n\t\t\t\t<div class=\"elementor-widget-container\">\n\t\t\t<h2 class=\"elementor-heading-title elementor-size-default\">Programa Aula<\/h2>\t\t<\/div>\n\t\t\t\t<\/div>\n\t\t\t\t<div class=\"elementor-element elementor-element-2bc6eac elementor-widget elementor-widget-image\" data-id=\"2bc6eac\" data-element_type=\"widget\" data-widget_type=\"image.default\">\n\t\t\t\t<div class=\"elementor-widget-container\">\n\t\t\t\t\t<div class=\"elementor-image\">\n\t\t\t\t\t\t\t\t\t\t<img loading=\"lazy\" decoding=\"async\" width=\"1024\" height=\"685\" src=\"https:\/\/equipoeduca.com\/wp-content\/uploads\/2015\/11\/ABC-pizarra-libros-PA-1024x685.jpg\" class=\"attachment-large size-large\" alt=\"\" srcset=\"https:\/\/equipoeduca.com\/wp-content\/uploads\/2015\/11\/ABC-pizarra-libros-PA-1024x685.jpg 1024w, https:\/\/equipoeduca.com\/wp-content\/uploads\/2015\/11\/ABC-pizarra-libros-PA-600x402.jpg 600w, https:\/\/equipoeduca.com\/wp-content\/uploads\/2015\/11\/ABC-pizarra-libros-PA-300x201.jpg 300w, https:\/\/equipoeduca.com\/wp-content\/uploads\/2015\/11\/ABC-pizarra-libros-PA-299x200.jpg 299w, https:\/\/equipoeduca.com\/wp-content\/uploads\/2015\/11\/ABC-pizarra-libros-PA-82x55.jpg 82w, https:\/\/equipoeduca.com\/wp-content\/uploads\/2015\/11\/ABC-pizarra-libros-PA-100x67.jpg 100w, https:\/\/equipoeduca.com\/wp-content\/uploads\/2015\/11\/ABC-pizarra-libros-PA-156x104.jpg 156w, https:\/\/equipoeduca.com\/wp-content\/uploads\/2015\/11\/ABC-pizarra-libros-PA.jpg 1920w\" sizes=\"auto, (max-width: 1024px) 100vw, 1024px\" \/>\t\t\t\t\t\t\t\t\t\t\t<\/div>\n\t\t\t\t<\/div>\n\t\t\t\t<\/div>\n\t\t\t\t<div class=\"elementor-element elementor-element-14ab2b1 elementor-widget elementor-widget-button\" data-id=\"14ab2b1\" data-element_type=\"widget\" data-widget_type=\"button.default\">\n\t\t\t\t<div class=\"elementor-widget-container\">\n\t\t\t\t\t<div class=\"elementor-button-wrapper\">\n\t\t\t<a href=\"#\" class=\"elementor-button-link elementor-button elementor-size-sm\" role=\"button\">\n\t\t\t\t\t\t<span class=\"elementor-button-content-wrapper\">\n\t\t\t\t\t\t<span class=\"elementor-button-text\">Haz clic aqu\u00ed<\/span>\n\t\t<\/span>\n\t\t\t\t\t<\/a>\n\t\t<\/div>\n\t\t\t\t<\/div>\n\t\t\t\t<\/div>\n\t\t\t\t<div class=\"elementor-element elementor-element-bd16d70 elementor--star-style-star_fontawesome elementor-widget elementor-widget-star-rating\" data-id=\"bd16d70\" data-element_type=\"widget\" data-widget_type=\"star-rating.default\">\n\t\t\t\t<div class=\"elementor-widget-container\">\n\t\t\t\n\t\t<div class=\"elementor-star-rating__wrapper\">\n\t\t\t\t\t\t<div class=\"elementor-star-rating\" title=\"5\/5\" itemtype=\"http:\/\/schema.org\/Rating\" itemscope=\"\" itemprop=\"reviewRating\"><i class=\"elementor-star-full\">&#xE934;<\/i><i class=\"elementor-star-full\">&#xE934;<\/i><i class=\"elementor-star-full\">&#xE934;<\/i><i class=\"elementor-star-full\">&#xE934;<\/i><i class=\"elementor-star-full\">&#xE934;<\/i> <span itemprop=\"ratingValue\" class=\"elementor-screen-only\">5\/5<\/span><\/div>\t\t<\/div>\n\t\t\t\t<\/div>\n\t\t\t\t<\/div>\n\t\t\t\t\t\t<\/div>\n\t\t\t<\/div>\n\t\t<\/div>\n\t\t\t\t<div class=\"elementor-element elementor-element-40bb5ab elementor-column elementor-col-50 elementor-top-column\" data-id=\"40bb5ab\" data-element_type=\"column\">\n\t\t\t<div class=\"elementor-column-wrap  elementor-element-populated\">\n\t\t\t\t\t<div class=\"elementor-widget-wrap\">\n\t\t\t\t<div class=\"elementor-element elementor-element-47b74df elementor-widget elementor-widget-heading\" data-id=\"47b74df\" data-element_type=\"widget\" data-widget_type=\"heading.default\">\n\t\t\t\t<div class=\"elementor-widget-container\">\n\t\t\t<h2 class=\"elementor-heading-title elementor-size-default\">Coaching Educativo<\/h2>\t\t<\/div>\n\t\t\t\t<\/div>\n\t\t\t\t<div class=\"elementor-element elementor-element-639462c elementor-widget elementor-widget-image\" data-id=\"639462c\" data-element_type=\"widget\" data-widget_type=\"image.default\">\n\t\t\t\t<div class=\"elementor-widget-container\">\n\t\t\t\t\t<div class=\"elementor-image\">\n\t\t\t\t\t\t\t\t\t\t<img loading=\"lazy\" decoding=\"async\" width=\"300\" height=\"300\" src=\"https:\/\/equipoeduca.com\/wp-content\/uploads\/2017\/07\/ocio-en-familia.jpg\" class=\"attachment-large size-large\" alt=\"\" srcset=\"https:\/\/equipoeduca.com\/wp-content\/uploads\/2017\/07\/ocio-en-familia.jpg 300w, https:\/\/equipoeduca.com\/wp-content\/uploads\/2017\/07\/ocio-en-familia-100x100.jpg 100w, https:\/\/equipoeduca.com\/wp-content\/uploads\/2017\/07\/ocio-en-familia-150x150.jpg 150w, https:\/\/equipoeduca.com\/wp-content\/uploads\/2017\/07\/ocio-en-familia-200x200.jpg 200w, https:\/\/equipoeduca.com\/wp-content\/uploads\/2017\/07\/ocio-en-familia-82x82.jpg 82w, https:\/\/equipoeduca.com\/wp-content\/uploads\/2017\/07\/ocio-en-familia-156x156.jpg 156w, https:\/\/equipoeduca.com\/wp-content\/uploads\/2017\/07\/ocio-en-familia-45x45.jpg 45w\" sizes=\"auto, (max-width: 300px) 100vw, 300px\" \/>\t\t\t\t\t\t\t\t\t\t\t<\/div>\n\t\t\t\t<\/div>\n\t\t\t\t<\/div>\n\t\t\t\t<div class=\"elementor-element elementor-element-fc4aed9 elementor-widget elementor-widget-button\" data-id=\"fc4aed9\" data-element_type=\"widget\" data-widget_type=\"button.default\">\n\t\t\t\t<div class=\"elementor-widget-container\">\n\t\t\t\t\t<div class=\"elementor-button-wrapper\">\n\t\t\t<a href=\"#\" class=\"elementor-button-link elementor-button elementor-size-sm\" role=\"button\">\n\t\t\t\t\t\t<span class=\"elementor-button-content-wrapper\">\n\t\t\t\t\t\t<span class=\"elementor-button-text\">Haz clic aqu\u00ed<\/span>\n\t\t<\/span>\n\t\t\t\t\t<\/a>\n\t\t<\/div>\n\t\t\t\t<\/div>\n\t\t\t\t<\/div>\n\t\t\t\t<div class=\"elementor-element elementor-element-ecd8eda elementor--star-style-star_fontawesome elementor-widget elementor-widget-star-rating\" data-id=\"ecd8eda\" data-element_type=\"widget\" data-widget_type=\"star-rating.default\">\n\t\t\t\t<div class=\"elementor-widget-container\">\n\t\t\t\n\t\t<div class=\"elementor-star-rating__wrapper\">\n\t\t\t\t\t\t<div class=\"elementor-star-rating\" title=\"5\/5\" itemtype=\"http:\/\/schema.org\/Rating\" itemscope=\"\" itemprop=\"reviewRating\"><i class=\"elementor-star-full\">&#xE934;<\/i><i class=\"elementor-star-full\">&#xE934;<\/i><i class=\"elementor-star-full\">&#xE934;<\/i><i class=\"elementor-star-full\">&#xE934;<\/i><i class=\"elementor-star-full\">&#xE934;<\/i> <span itemprop=\"ratingValue\" class=\"elementor-screen-only\">5\/5<\/span><\/div>\t\t<\/div>\n\t\t\t\t<\/div>\n\t\t\t\t<\/div>\n\t\t\t\t\t\t<\/div>\n\t\t\t<\/div>\n\t\t<\/div>\n\t\t\t\t\t\t<\/div>\n\t\t\t<\/div>\n\t\t<\/section>\n\t\t\t\t<section class=\"elementor-element elementor-element-5164bfe elementor-section-boxed elementor-section-height-default elementor-section-height-default elementor-section elementor-top-section\" data-id=\"5164bfe\" data-element_type=\"section\">\n\t\t\t\t\t\t<div class=\"elementor-container elementor-column-gap-default\">\n\t\t\t\t<div class=\"elementor-row\">\n\t\t\t\t<div class=\"elementor-element elementor-element-81f4122 elementor-column elementor-col-100 elementor-top-column\" data-id=\"81f4122\" data-element_type=\"column\">\n\t\t\t<div class=\"elementor-column-wrap  elementor-element-populated\">\n\t\t\t\t\t<div class=\"elementor-widget-wrap\">\n\t\t\t\t<section class=\"elementor-element elementor-element-d845669 elementor-section-boxed elementor-section-height-default elementor-section-height-default elementor-section elementor-inner-section\" data-id=\"d845669\" data-element_type=\"section\">\n\t\t\t\t\t\t<div class=\"elementor-container elementor-column-gap-default\">\n\t\t\t\t<div class=\"elementor-row\">\n\t\t\t\t<div class=\"elementor-element elementor-element-ba706dc elementor-column elementor-col-50 elementor-inner-column\" data-id=\"ba706dc\" data-element_type=\"column\">\n\t\t\t<div class=\"elementor-column-wrap  elementor-element-populated\">\n\t\t\t\t\t<div class=\"elementor-widget-wrap\">\n\t\t\t\t<div class=\"elementor-element elementor-element-b95ac8a elementor-widget elementor-widget-heading\" data-id=\"b95ac8a\" data-element_type=\"widget\" data-widget_type=\"heading.default\">\n\t\t\t\t<div class=\"elementor-widget-container\">\n\t\t\t<h2 class=\"elementor-heading-title elementor-size-default\">Dise\u00f1a tu Futuro<\/h2>\t\t<\/div>\n\t\t\t\t<\/div>\n\t\t\t\t<div class=\"elementor-element elementor-element-112e043 elementor-widget elementor-widget-image\" data-id=\"112e043\" data-element_type=\"widget\" data-widget_type=\"image.default\">\n\t\t\t\t<div class=\"elementor-widget-container\">\n\t\t\t\t\t<div class=\"elementor-image\">\n\t\t\t\t\t\t\t\t\t\t<img loading=\"lazy\" decoding=\"async\" width=\"1024\" height=\"863\" src=\"https:\/\/equipoeduca.com\/wp-content\/uploads\/2020\/05\/Lego-fichas-para-la-torre-1024x863.jpg\" class=\"attachment-large size-large\" alt=\"\" srcset=\"https:\/\/equipoeduca.com\/wp-content\/uploads\/2020\/05\/Lego-fichas-para-la-torre-1024x863.jpg 1024w, https:\/\/equipoeduca.com\/wp-content\/uploads\/2020\/05\/Lego-fichas-para-la-torre-300x253.jpg 300w, https:\/\/equipoeduca.com\/wp-content\/uploads\/2020\/05\/Lego-fichas-para-la-torre-768x647.jpg 768w, https:\/\/equipoeduca.com\/wp-content\/uploads\/2020\/05\/Lego-fichas-para-la-torre-1536x1294.jpg 1536w, https:\/\/equipoeduca.com\/wp-content\/uploads\/2020\/05\/Lego-fichas-para-la-torre-237x200.jpg 237w, https:\/\/equipoeduca.com\/wp-content\/uploads\/2020\/05\/Lego-fichas-para-la-torre-82x69.jpg 82w, https:\/\/equipoeduca.com\/wp-content\/uploads\/2020\/05\/Lego-fichas-para-la-torre-100x84.jpg 100w, https:\/\/equipoeduca.com\/wp-content\/uploads\/2020\/05\/Lego-fichas-para-la-torre-156x131.jpg 156w, https:\/\/equipoeduca.com\/wp-content\/uploads\/2020\/05\/Lego-fichas-para-la-torre-600x506.jpg 600w, https:\/\/equipoeduca.com\/wp-content\/uploads\/2020\/05\/Lego-fichas-para-la-torre.jpg 1946w\" sizes=\"auto, (max-width: 1024px) 100vw, 1024px\" \/>\t\t\t\t\t\t\t\t\t\t\t<\/div>\n\t\t\t\t<\/div>\n\t\t\t\t<\/div>\n\t\t\t\t<div class=\"elementor-element elementor-element-6dbee77 elementor-widget elementor-widget-button\" data-id=\"6dbee77\" data-element_type=\"widget\" data-widget_type=\"button.default\">\n\t\t\t\t<div class=\"elementor-widget-container\">\n\t\t\t\t\t<div class=\"elementor-button-wrapper\">\n\t\t\t<a href=\"#\" class=\"elementor-button-link elementor-button elementor-size-sm\" role=\"button\">\n\t\t\t\t\t\t<span class=\"elementor-button-content-wrapper\">\n\t\t\t\t\t\t<span class=\"elementor-button-text\">Haz clic aqu\u00ed<\/span>\n\t\t<\/span>\n\t\t\t\t\t<\/a>\n\t\t<\/div>\n\t\t\t\t<\/div>\n\t\t\t\t<\/div>\n\t\t\t\t<div class=\"elementor-element elementor-element-86c3a9f elementor--star-style-star_fontawesome elementor-widget elementor-widget-star-rating\" data-id=\"86c3a9f\" data-element_type=\"widget\" data-widget_type=\"star-rating.default\">\n\t\t\t\t<div class=\"elementor-widget-container\">\n\t\t\t\n\t\t<div class=\"elementor-star-rating__wrapper\">\n\t\t\t\t\t\t<div class=\"elementor-star-rating\" title=\"5\/5\" itemtype=\"http:\/\/schema.org\/Rating\" itemscope=\"\" itemprop=\"reviewRating\"><i class=\"elementor-star-full\">&#xE934;<\/i><i class=\"elementor-star-full\">&#xE934;<\/i><i class=\"elementor-star-full\">&#xE934;<\/i><i class=\"elementor-star-full\">&#xE934;<\/i><i class=\"elementor-star-full\">&#xE934;<\/i> <span itemprop=\"ratingValue\" class=\"elementor-screen-only\">5\/5<\/span><\/div>\t\t<\/div>\n\t\t\t\t<\/div>\n\t\t\t\t<\/div>\n\t\t\t\t\t\t<\/div>\n\t\t\t<\/div>\n\t\t<\/div>\n\t\t\t\t<div class=\"elementor-element elementor-element-25c7028 elementor-column elementor-col-50 elementor-inner-column\" data-id=\"25c7028\" data-element_type=\"column\">\n\t\t\t<div class=\"elementor-column-wrap  elementor-element-populated\">\n\t\t\t\t\t<div class=\"elementor-widget-wrap\">\n\t\t\t\t<div class=\"elementor-element elementor-element-8563df8 elementor-position-top elementor-vertical-align-top elementor-widget elementor-widget-image-box\" data-id=\"8563df8\" data-element_type=\"widget\" data-widget_type=\"image-box.default\">\n\t\t\t\t<div class=\"elementor-widget-container\">\n\t\t\t<div class=\"elementor-image-box-wrapper\"><figure class=\"elementor-image-box-img\"><img loading=\"lazy\" decoding=\"async\" width=\"1024\" height=\"683\" src=\"https:\/\/equipoeduca.com\/wp-content\/uploads\/2016\/06\/compromiso-1024x683.jpg\" class=\"attachment-large size-large\" alt=\"\" srcset=\"https:\/\/equipoeduca.com\/wp-content\/uploads\/2016\/06\/compromiso-1024x683.jpg 1024w, https:\/\/equipoeduca.com\/wp-content\/uploads\/2016\/06\/compromiso-600x400.jpg 600w, https:\/\/equipoeduca.com\/wp-content\/uploads\/2016\/06\/compromiso-300x200.jpg 300w, https:\/\/equipoeduca.com\/wp-content\/uploads\/2016\/06\/compromiso-768x513.jpg 768w, https:\/\/equipoeduca.com\/wp-content\/uploads\/2016\/06\/compromiso-82x55.jpg 82w, https:\/\/equipoeduca.com\/wp-content\/uploads\/2016\/06\/compromiso-100x67.jpg 100w, https:\/\/equipoeduca.com\/wp-content\/uploads\/2016\/06\/compromiso-156x104.jpg 156w\" sizes=\"auto, (max-width: 1024px) 100vw, 1024px\" \/><\/figure><div class=\"elementor-image-box-content\"><h3 class=\"elementor-image-box-title\">Modelo 555<\/h3><p class=\"elementor-image-box-description\"><span style=\"color: rgb(65, 67, 69); font-family: Raleway, &quot;Helvetica Neue&quot;, Helvetica, Helvetica, Arial, sans-serif; text-align: start; white-space: normal;\">Taller con adolescentes para identificar los valores m\u00e1s importantes para ellos, y cu\u00e1les son los que necesitar\u00eda para conseguir su objetivo: MEJORAR LAS NOTAS, por ejemplo.<\/span><\/p><\/div><\/div>\t\t<\/div>\n\t\t\t\t<\/div>\n\t\t\t\t<div class=\"elementor-element elementor-element-cfeea5c elementor-widget elementor-widget-button\" data-id=\"cfeea5c\" data-element_type=\"widget\" data-widget_type=\"button.default\">\n\t\t\t\t<div class=\"elementor-widget-container\">\n\t\t\t\t\t<div class=\"elementor-button-wrapper\">\n\t\t\t<a href=\"#\" class=\"elementor-button-link elementor-button elementor-size-sm\" role=\"button\">\n\t\t\t\t\t\t<span class=\"elementor-button-content-wrapper\">\n\t\t\t\t\t\t<span class=\"elementor-button-text\">Haz clic aqu\u00ed<\/span>\n\t\t<\/span>\n\t\t\t\t\t<\/a>\n\t\t<\/div>\n\t\t\t\t<\/div>\n\t\t\t\t<\/div>\n\t\t\t\t<div class=\"elementor-element elementor-element-c6b0b52 elementor--star-style-star_fontawesome elementor-widget elementor-widget-star-rating\" data-id=\"c6b0b52\" data-element_type=\"widget\" data-widget_type=\"star-rating.default\">\n\t\t\t\t<div class=\"elementor-widget-container\">\n\t\t\t\n\t\t<div class=\"elementor-star-rating__wrapper\">\n\t\t\t\t\t\t<div class=\"elementor-star-rating\" title=\"5\/5\" itemtype=\"http:\/\/schema.org\/Rating\" itemscope=\"\" itemprop=\"reviewRating\"><i class=\"elementor-star-full\">&#xE934;<\/i><i class=\"elementor-star-full\">&#xE934;<\/i><i class=\"elementor-star-full\">&#xE934;<\/i><i class=\"elementor-star-full\">&#xE934;<\/i><i class=\"elementor-star-full\">&#xE934;<\/i> <span itemprop=\"ratingValue\" class=\"elementor-screen-only\">5\/5<\/span><\/div>\t\t<\/div>\n\t\t\t\t<\/div>\n\t\t\t\t<\/div>\n\t\t\t\t\t\t<\/div>\n\t\t\t<\/div>\n\t\t<\/div>\n\t\t\t\t\t\t<\/div>\n\t\t\t<\/div>\n\t\t<\/section>\n\t\t\t\t\t\t<\/div>\n\t\t\t<\/div>\n\t\t<\/div>\n\t\t\t\t\t\t<\/div>\n\t\t\t<\/div>\n\t\t<\/section>\n\t\t\t\t<section class=\"elementor-element elementor-element-fb02a42 elementor-section-boxed elementor-section-height-default elementor-section-height-default elementor-section elementor-top-section\" data-id=\"fb02a42\" data-element_type=\"section\">\n\t\t\t\t\t\t<div class=\"elementor-container elementor-column-gap-default\">\n\t\t\t\t<div class=\"elementor-row\">\n\t\t\t\t<div class=\"elementor-element elementor-element-13440ed elementor-column elementor-col-100 elementor-top-column\" data-id=\"13440ed\" data-element_type=\"column\">\n\t\t\t<div class=\"elementor-column-wrap  elementor-element-populated\">\n\t\t\t\t\t<div class=\"elementor-widget-wrap\">\n\t\t\t\t<section class=\"elementor-element elementor-element-5245cb7 elementor-section-boxed elementor-section-height-default elementor-section-height-default elementor-section elementor-inner-section\" data-id=\"5245cb7\" data-element_type=\"section\">\n\t\t\t\t\t\t<div class=\"elementor-container elementor-column-gap-default\">\n\t\t\t\t<div class=\"elementor-row\">\n\t\t\t\t<div class=\"elementor-element elementor-element-f9a23b7 elementor-column elementor-col-50 elementor-inner-column\" data-id=\"f9a23b7\" data-element_type=\"column\">\n\t\t\t<div class=\"elementor-column-wrap  elementor-element-populated\">\n\t\t\t\t\t<div class=\"elementor-widget-wrap\">\n\t\t\t\t<div class=\"elementor-element elementor-element-3a397ba elementor-position-top elementor-vertical-align-top elementor-widget elementor-widget-image-box\" data-id=\"3a397ba\" data-element_type=\"widget\" data-widget_type=\"image-box.default\">\n\t\t\t\t<div class=\"elementor-widget-container\">\n\t\t\t<div class=\"elementor-image-box-wrapper\"><figure class=\"elementor-image-box-img\"><img loading=\"lazy\" decoding=\"async\" width=\"1920\" height=\"2560\" src=\"https:\/\/equipoeduca.com\/wp-content\/uploads\/2017\/02\/IMG_0801-scaled.jpg\" class=\"attachment-full size-full\" alt=\"\" srcset=\"https:\/\/equipoeduca.com\/wp-content\/uploads\/2017\/02\/IMG_0801-scaled.jpg 1920w, https:\/\/equipoeduca.com\/wp-content\/uploads\/2017\/02\/IMG_0801-600x800.jpg 600w\" sizes=\"auto, (max-width: 1920px) 100vw, 1920px\" \/><\/figure><div class=\"elementor-image-box-content\"><h2 class=\"elementor-image-box-title\">Drones en el Aula<\/h2><p class=\"elementor-image-box-description\"><span style=\"color: rgb(65, 67, 69); font-family: Raleway, &quot;Helvetica Neue&quot;, Helvetica, Helvetica, Arial, sans-serif; text-align: start; white-space: normal;\">Taller para el <b>Desarrollo de Habilidades Sociales<\/b> como:&nbsp;<\/span><span style=\"color: rgb(65, 67, 69); font-family: Raleway, &quot;Helvetica Neue&quot;, Helvetica, Helvetica, Arial, sans-serif; text-align: start; white-space: normal;\">el <b>Trabajo en Equipo<\/b>, la <b>Comunicaci\u00f3n<\/b> y la importancia de cumplir las <b>Normas<\/b> y los <b>L\u00edmites<\/b>.<\/span><\/p><\/div><\/div>\t\t<\/div>\n\t\t\t\t<\/div>\n\t\t\t\t<div class=\"elementor-element elementor-element-fd79a3a elementor-widget elementor-widget-button\" data-id=\"fd79a3a\" data-element_type=\"widget\" data-widget_type=\"button.default\">\n\t\t\t\t<div class=\"elementor-widget-container\">\n\t\t\t\t\t<div class=\"elementor-button-wrapper\">\n\t\t\t<a href=\"#https:\/\/equipoeduca.com\/index.php\/contacto\/\" class=\"elementor-button-link elementor-button elementor-size-sm\" role=\"button\">\n\t\t\t\t\t\t<span class=\"elementor-button-content-wrapper\">\n\t\t\t\t\t\t<span class=\"elementor-button-text\">Haz tu reserva<\/span>\n\t\t<\/span>\n\t\t\t\t\t<\/a>\n\t\t<\/div>\n\t\t\t\t<\/div>\n\t\t\t\t<\/div>\n\t\t\t\t<div class=\"elementor-element elementor-element-6ad7d35 elementor--star-style-star_fontawesome elementor-widget elementor-widget-star-rating\" data-id=\"6ad7d35\" data-element_type=\"widget\" data-widget_type=\"star-rating.default\">\n\t\t\t\t<div class=\"elementor-widget-container\">\n\t\t\t\n\t\t<div class=\"elementor-star-rating__wrapper\">\n\t\t\t\t\t\t<div class=\"elementor-star-rating\" title=\"5\/5\" itemtype=\"http:\/\/schema.org\/Rating\" itemscope=\"\" itemprop=\"reviewRating\"><i class=\"elementor-star-full\">&#xE934;<\/i><i class=\"elementor-star-full\">&#xE934;<\/i><i class=\"elementor-star-full\">&#xE934;<\/i><i class=\"elementor-star-full\">&#xE934;<\/i><i class=\"elementor-star-full\">&#xE934;<\/i> <span itemprop=\"ratingValue\" class=\"elementor-screen-only\">5\/5<\/span><\/div>\t\t<\/div>\n\t\t\t\t<\/div>\n\t\t\t\t<\/div>\n\t\t\t\t\t\t<\/div>\n\t\t\t<\/div>\n\t\t<\/div>\n\t\t\t\t<div class=\"elementor-element elementor-element-16c31b7 elementor-column elementor-col-50 elementor-inner-column\" data-id=\"16c31b7\" data-element_type=\"column\">\n\t\t\t<div class=\"elementor-column-wrap  elementor-element-populated\">\n\t\t\t\t\t<div class=\"elementor-widget-wrap\">\n\t\t\t\t<div class=\"elementor-element elementor-element-6e1671f elementor-arrows-position-inside elementor-pagination-position-outside elementor-widget elementor-widget-image-carousel\" data-id=\"6e1671f\" data-element_type=\"widget\" data-settings=\"{&quot;navigation&quot;:&quot;both&quot;,&quot;autoplay&quot;:&quot;yes&quot;,&quot;pause_on_hover&quot;:&quot;yes&quot;,&quot;pause_on_interaction&quot;:&quot;yes&quot;,&quot;autoplay_speed&quot;:5000,&quot;infinite&quot;:&quot;yes&quot;,&quot;speed&quot;:500,&quot;direction&quot;:&quot;ltr&quot;}\" data-widget_type=\"image-carousel.default\">\n\t\t\t\t<div class=\"elementor-widget-container\">\n\t\t\t\t\t<div class=\"elementor-image-carousel-wrapper swiper-container\" dir=\"ltr\">\n\t\t\t<div class=\"elementor-image-carousel swiper-wrapper\">\n\t\t\t\t<div class=\"swiper-slide\"><figure class=\"swiper-slide-inner\"><img decoding=\"async\" class=\"swiper-slide-image\" src=\"https:\/\/equipoeduca.com\/wp-content\/uploads\/2020\/05\/2015-07-08-11.36.08-150x150.jpg\" alt=\"2015-07-08 11.36.08\" \/><\/figure><\/div><div class=\"swiper-slide\"><figure class=\"swiper-slide-inner\"><img decoding=\"async\" class=\"swiper-slide-image\" src=\"https:\/\/equipoeduca.com\/wp-content\/uploads\/2020\/05\/2016-06-15-10.53.03-150x150.jpg\" alt=\"2016-06-15 10.53.03\" \/><\/figure><\/div><div class=\"swiper-slide\"><figure class=\"swiper-slide-inner\"><img decoding=\"async\" class=\"swiper-slide-image\" src=\"https:\/\/equipoeduca.com\/wp-content\/uploads\/2020\/05\/2016-06-15-10.54.14-150x150.jpg\" alt=\"2016-06-15 10.54.14\" \/><\/figure><\/div><div class=\"swiper-slide\"><figure class=\"swiper-slide-inner\"><img decoding=\"async\" class=\"swiper-slide-image\" src=\"https:\/\/equipoeduca.com\/wp-content\/uploads\/2020\/05\/2016-06-15-11.20.33-150x150.jpg\" alt=\"2016-06-15 11.20.33\" \/><\/figure><\/div><div class=\"swiper-slide\"><figure class=\"swiper-slide-inner\"><img decoding=\"async\" class=\"swiper-slide-image\" src=\"https:\/\/equipoeduca.com\/wp-content\/uploads\/2020\/05\/2017-02-16-09.57.30-150x150.jpg\" alt=\"2017-02-16 09.57.30\" \/><\/figure><\/div><div class=\"swiper-slide\"><figure class=\"swiper-slide-inner\"><img decoding=\"async\" class=\"swiper-slide-image\" src=\"https:\/\/equipoeduca.com\/wp-content\/uploads\/2020\/05\/2017-02-16-09.54.27-150x150.jpg\" alt=\"2017-02-16 09.54.27\" \/><\/figure><\/div><div class=\"swiper-slide\"><figure class=\"swiper-slide-inner\"><img decoding=\"async\" class=\"swiper-slide-image\" src=\"https:\/\/equipoeduca.com\/wp-content\/uploads\/2020\/05\/2017-02-16-09.54.12-150x150.jpg\" alt=\"2017-02-16 09.54.12\" \/><\/figure><\/div>\t\t\t<\/div>\n\t\t\t\t\t\t\t\t\t\t\t\t<div class=\"swiper-pagination\"><\/div>\n\t\t\t\t\t\t\t\t\t\t\t\t\t<div class=\"elementor-swiper-button elementor-swiper-button-prev\">\n\t\t\t\t\t\t<i class=\"eicon-chevron-left\" aria-hidden=\"true\"><\/i>\n\t\t\t\t\t\t<span class=\"elementor-screen-only\">Anterior<\/span>\n\t\t\t\t\t<\/div>\n\t\t\t\t\t<div class=\"elementor-swiper-button elementor-swiper-button-next\">\n\t\t\t\t\t\t<i class=\"eicon-chevron-right\" aria-hidden=\"true\"><\/i>\n\t\t\t\t\t\t<span class=\"elementor-screen-only\">Siguiente<\/span>\n\t\t\t\t\t<\/div>\n\t\t\t\t\t\t\t\t\t<\/div>\n\t\t\t\t<\/div>\n\t\t\t\t<\/div>\n\t\t\t\t\t\t<\/div>\n\t\t\t<\/div>\n\t\t<\/div>\n\t\t\t\t\t\t<\/div>\n\t\t\t<\/div>\n\t\t<\/section>\n\t\t\t\t\t\t<\/div>\n\t\t\t<\/div>\n\t\t<\/div>\n\t\t\t\t\t\t<\/div>\n\t\t\t<\/div>\n\t\t<\/section>\n\t\t\t\t\t\t<\/div>\n\t\t\t<\/div>\n\t\t<\/div>\n\t\t","protected":false},"excerpt":{"rendered":"<p>Programa Aula Haz clic aqu\u00ed &#xE934;&#xE934;&#xE934;&#xE934;&#xE934; 5\/5 Coaching Educativo Haz clic aqu\u00ed &#xE934;&#xE934;&#xE934;&#xE934;&#xE934; 5\/5 Dise\u00f1a tu Futuro Haz clic aqu\u00ed &#xE934;&#xE934;&#xE934;&#xE934;&#xE934; 5\/5 Modelo 555 Taller con adolescentes para identificar los valores m\u00e1s importantes para ellos, y cu\u00e1les son los que necesitar\u00eda para conseguir su objetivo: MEJORAR LAS NOTAS, por ejemplo. Haz clic aqu\u00ed &#xE934;&#xE934;&#xE934;&#xE934;&#xE934; 5\/5 [&hellip;]<\/p>\n","protected":false},"author":3,"featured_media":0,"parent":0,"menu_order":0,"comment_status":"closed","ping_status":"closed","template":"","meta":{"footnotes":""},"class_list":["post-1970","page","type-page","status-publish","hentry"],"_links":{"self":[{"href":"https:\/\/equipoeduca.com\/index.php\/wp-json\/wp\/v2\/pages\/1970","targetHints":{"allow":["GET"]}}],"collection":[{"href":"https:\/\/equipoeduca.com\/index.php\/wp-json\/wp\/v2\/pages"}],"about":[{"href":"https:\/\/equipoeduca.com\/index.php\/wp-json\/wp\/v2\/types\/page"}],"author":[{"embeddable":true,"href":"https:\/\/equipoeduca.com\/index.php\/wp-json\/wp\/v2\/users\/3"}],"replies":[{"embeddable":true,"href":"https:\/\/equipoeduca.com\/index.php\/wp-json\/wp\/v2\/comments?post=1970"}],"version-history":[{"count":6,"href":"https:\/\/equipoeduca.com\/index.php\/wp-json\/wp\/v2\/pages\/1970\/revisions"}],"predecessor-version":[{"id":2010,"href":"https:\/\/equipoeduca.com\/index.php\/wp-json\/wp\/v2\/pages\/1970\/revisions\/2010"}],"wp:attachment":[{"href":"https:\/\/equipoeduca.com\/index.php\/wp-json\/wp\/v2\/media?parent=1970"}],"curies":[{"name":"wp","href":"https:\/\/api.w.org\/{rel}","templated":true}]}}