{"id":2,"date":"2015-11-06T18:57:58","date_gmt":"2015-11-06T18:57:58","guid":{"rendered":"http:\/\/equipoeduca.com\/?page_id=2"},"modified":"2016-03-17T20:22:40","modified_gmt":"2016-03-17T20:22:40","slug":"pagina-ejemplo","status":"publish","type":"page","link":"https:\/\/equipoeduca.com\/index.php\/pagina-ejemplo\/","title":{"rendered":"Qui\u00e9nes somos"},"content":{"rendered":"<div class=\"vc_row wpb_row vc_row-fluid\"><div class=\"wpb_column vc_column_container vc_col-sm-12\"><div class=\"wpb_wrapper\"><h2 style=\"text-align: left;font-family:Montserrat;font-weight:700;font-style:normal\" class=\"vc_custom_heading\">Un equipo interdisciplinar integrado por profesionales del \u00e1rea de la mediaci\u00f3n familiar, la educaci\u00f3n, el coaching y la psicolog\u00eda.<\/h2><\/div><\/div><\/div><div class=\"vc_row wpb_row vc_row-fluid\"><div class=\"wpb_column vc_column_container vc_col-sm-12\"><div class=\"wpb_wrapper\">\n\t<div class=\"wpb_text_column wpb_content_element \">\n\t\t<div class=\"wpb_wrapper\">\n\t\t\t<p><strong>EquipoEduca<\/strong> cree y apuesta por la educaci\u00f3n como herramienta para el desarrollo integral de las personas en las \u00e1reas de Sociedad, Familia y Empresa.<\/p>\n<p><strong>EquipoEduca <\/strong>adem\u00e1s de ayudar a las empresas a mantener una actitud proactiva ante la responsabilidad social corporativa (RSC), tal como aconseja la <a href=\"http:\/\/www.who.int\/features\/factfiles\/mental_health\/es\/\">Organizaci\u00f3n Mundial de la Salud (OMS)<\/a> sobre los lugares de trabajo saludables, tambi\u00e9n nosotros ponemos nuestro granito de arena manteniendo los siguientes compromisos:<\/p>\n\n\t\t<\/div>\n\t<\/div>\n<\/div><\/div><\/div><div class=\"vc_row wpb_row vc_row-fluid\"><div class=\"wpb_column vc_column_container vc_col-sm-6\"><div class=\"wpb_wrapper\">\r\n          <div class='hover-image wpb_content_element  vc_align_left'>\r\n            <div class='module-inner' style='width:100%;'>\r\n\r\n              <div class='module-image'>\r\n                <img decoding=\"async\" src=\"https:\/\/equipoeduca.com\/wp-content\/uploads\/2015\/11\/write-593333_960_7201.jpg\">\r\n              <\/div>\r\n\r\n              <div class='module-content'  style=''>\r\n                <div class='content-inner'>\r\n                  <h4 class=\"pb_title\">Con nuestros profesionales.<\/h4>\r\n                  Las personas somos la base y el recurso fundamental\u00a0en nuestra organizaci\u00f3n. Por ello, para que todos podamos dar lo mejor de nosotros mismos en nuestra faceta laboral trabajamos los siguientes aspectos de nuestra cultura de empresa:<\/p>\n<ul>\n<li><b><strong>Compromiso. <\/strong><\/b>Asignamos a cada profesional\u00a0tareas en funci\u00f3n de sus aptitudes y en l\u00ednea con los objetivos a cubrir. De esta forma se sienten m\u00e1s motivados al realizar aquello con lo que se sienten m\u00e1s capacitados, redundando en resultados positivos y gratificantes para ellos mismos y para la organizaci\u00f3n. Es decir se crea un sentimiento de eficacia y <strong>felicidad<\/strong> por el trabajo bien hecho que mejora la productividad.<\/li>\n<li><strong>Trabajo en equipo<\/strong>, aportando y capitalizando cada uno de nosotros todo nuestro potencial.<\/li>\n<li><strong>Formaci\u00f3n continua.<\/strong> Acompa\u00f1ando en su formaci\u00f3n continua para seguir siendo profesionales de referencia dentro del sector<\/li>\n<li><strong>Dialogo empresa-profesional. <\/strong>Transparencia y di\u00e1logo continuo entre los miembros de la organizaci\u00f3n de forma que todo el personal tiene conocimiento de las actividades y resultados que realiza cada miembro del equipo.<\/li>\n<li><strong>Conciliaci\u00f3n de la vida profesional y familiar<\/strong>. Ofreciendo a nuestros profesionales la posibilidad de que\u00a0organicen su tiempo y trabajen desde sus hogares, adaptando\u00a0su actividad a las necesidades de la empresa y\u00a0los clientes.<\/li>\n<\/ul>\n\r\n                <\/div>\r\n              <\/div>\r\n              \r\n              <div class='module-background' style='background-color:#aae80d; opacity:0.9'>\r\n              <\/div>\r\n\r\n              <div class='pb_transitions'>\r\n      \t\t\t  \t<div class='pb_css'>\r\n      \t\t\t\t  <style>\r\n      \t\t\t          html:not(.no-csstransitions) .hover-image .module-inner .module-content,\r\n      \t\t\t          html:not(.no-csstransitions) .hover-image .module-inner .module-background {\r\n      \t\t\t            height: 40px;\r\n      \t\t\t          }\r\n      \t\t\t          html:not(.no-csstransitions) .hover-image .module-inner:hover .module-content, \r\n      \t\t\t          html:not(.no-csstransitions) .hover-image .module-inner:hover .module-background { \r\n      \t\t\t            height: Con nuestros profesionales.;\r\n      \t\t\t          }\r\n      \t\t     \t  <\/style>\r\n      \t\t     \t<\/div>\r\n      \t\t     \t<div class='pb_jquery'>\r\n      \t\t     \t  <input class='start_position' type='text' value='40px' style='display:none;'>\r\n      \t              <input class='end_position' type='text' value='Con nuestros profesionales.' style='display:none;'>\r\n      \t            <\/div>\r\n      \t     \t  <\/div>\r\n\r\n            <\/div>\r\n\r\n\t\t  <\/div>\r\n\r\n  <\/div><\/div><div class=\"wpb_column vc_column_container vc_col-sm-6\"><div class=\"wpb_wrapper\">\r\n          <div class='hover-image wpb_content_element  vc_align_left'>\r\n            <div class='module-inner' style='width:100%;'>\r\n\r\n              <div class='module-image'>\r\n                <img decoding=\"async\" src=\"https:\/\/equipoeduca.com\/wp-content\/uploads\/2015\/11\/crowd-71255_1280-2.jpg\">\r\n              <\/div>\r\n\r\n              <div class='module-content'  style=''>\r\n                <div class='content-inner'>\r\n                  <h4 class=\"pb_title\">Con la sociedad<\/h4>\r\n                  Nuestra actividad\u00a0tiene un compromiso directo con la sociedad ya que seg\u00fan est\u00e1 definido en nuestra visi\u00f3n, nuestro objetivo es <strong>crear conciencia social en el entorno econ\u00f3mico y educativo<\/strong>.<\/p>\n<ul>\n<li><strong>Actividades sociales.<\/strong> Animamos a nuestro profesionales que junto con sus familiares y amigos participen en actividades sociales, bien organizadas desde EquipoEduca\u00a0o desde organizaciones y empresas que comparten con nosotros objetivos comunes.<\/li>\n<li><strong>Econom\u00eda sostenible.<\/strong> Basada en relaciones de <em>comercio justo<\/em> con nuestros proveedores y colaboradores.<\/li>\n<li><strong>Voluntariado.<\/strong> Participamos de forma solidaria en programas de ayuda a colectivos vulnerables de nuestra sociedad, impartiendo sesiones y talleres a medida de\u00a0sus necesidades y\u00a0sin ning\u00fan \u00e1nimo de lucro.<\/li>\n<\/ul>\n<p>&nbsp;<\/p>\n<p><a href=\"http:\/\/www.who.int\/features\/factfiles\/mental_health\/es\/\">Definici\u00f3n de \u00absalud\u00bb. O.M.S.<\/a>\r\n                <\/div>\r\n              <\/div>\r\n              \r\n              <div class='module-background' style='background-color:#db00ef; opacity:0.9'>\r\n              <\/div>\r\n\r\n              <div class='pb_transitions'>\r\n      \t\t\t  \t<div class='pb_css'>\r\n      \t\t\t\t  <style>\r\n      \t\t\t          html:not(.no-csstransitions) .hover-image .module-inner .module-content,\r\n      \t\t\t          html:not(.no-csstransitions) .hover-image .module-inner .module-background {\r\n      \t\t\t            height: 40px;\r\n      \t\t\t          }\r\n      \t\t\t          html:not(.no-csstransitions) .hover-image .module-inner:hover .module-content, \r\n      \t\t\t          html:not(.no-csstransitions) .hover-image .module-inner:hover .module-background { \r\n      \t\t\t            height: 100%;\r\n      \t\t\t          }\r\n      \t\t     \t  <\/style>\r\n      \t\t     \t<\/div>\r\n      \t\t     \t<div class='pb_jquery'>\r\n      \t\t     \t  <input class='start_position' type='text' value='40px' style='display:none;'>\r\n      \t              <input class='end_position' type='text' value='100%' style='display:none;'>\r\n      \t            <\/div>\r\n      \t     \t  <\/div>\r\n\r\n            <\/div>\r\n\r\n\t\t  <\/div>\r\n\r\n  <\/div><\/div><\/div><div class=\"vc_row wpb_row vc_row-fluid\"><div class=\"wpb_column vc_column_container vc_col-sm-6\"><div class=\"wpb_wrapper\">\r\n          <div class='hover-image wpb_content_element  vc_align_left'>\r\n            <div class='module-inner' style='width:100%;'>\r\n\r\n              <div class='module-image'>\r\n                <img decoding=\"async\" src=\"https:\/\/equipoeduca.com\/wp-content\/uploads\/2015\/11\/2013-03-30-18.46.37.jpg\">\r\n              <\/div>\r\n\r\n              <div class='module-content'  style=''>\r\n                <div class='content-inner'>\r\n                  <h4 class=\"pb_title\"> Con el Medio Ambiente.<\/h4>\r\n                  \n<ul>\n<li><strong>Instalaciones con baja huella de carbono. <\/strong>Nuestras instalaciones se encuentran en con una ubicaci\u00f3n privilegiada, ya que est\u00e1n orientada al sur, y sus ventanales nos proporcionan gran luminosidad teniendo un consumo m\u00ednimo de electricidad lum\u00ednica. Seg\u00fan la estaci\u00f3n del a\u00f1o establecemos un horario para las reuniones del equipo para no hacer\u00a0mal uso\u00a0ni de calefacci\u00f3n ni de aire acondicionado.<\/li>\n<li><strong>Reuniones utilizando herramientas audiovisuales web (Skype). <\/strong>Permitiendo que nuestros profesionales trabajan desde sus propios hogares y\u00a0manteniendo contacto telef\u00f3nico y\u00a0a trav\u00e9s de\u00a0Skype.<\/li>\n<li><strong>Transporte p\u00fablico.<\/strong> Se anima y recomienda a los profesionales, siempre que sea posible, que los traslados y desplazamientos dentro de la ciudad se realicen en transporte p\u00fablico y se proporciona un bono para dicho uso, para contribuir\u00a0con la reducci\u00f3n\u00a0de emisiones de CO2.<\/li>\n<\/ul>\n\r\n                <\/div>\r\n              <\/div>\r\n              \r\n              <div class='module-background' style='background-color:#00a8e5; opacity:0.9'>\r\n              <\/div>\r\n\r\n              <div class='pb_transitions'>\r\n      \t\t\t  \t<div class='pb_css'>\r\n      \t\t\t\t  <style>\r\n      \t\t\t          html:not(.no-csstransitions) .hover-image .module-inner .module-content,\r\n      \t\t\t          html:not(.no-csstransitions) .hover-image .module-inner .module-background {\r\n      \t\t\t            height: -10%;\r\n      \t\t\t          }\r\n      \t\t\t          html:not(.no-csstransitions) .hover-image .module-inner:hover .module-content, \r\n      \t\t\t          html:not(.no-csstransitions) .hover-image .module-inner:hover .module-background { \r\n      \t\t\t            height: 120%;\r\n      \t\t\t          }\r\n      \t\t     \t  <\/style>\r\n      \t\t     \t<\/div>\r\n      \t\t     \t<div class='pb_jquery'>\r\n      \t\t     \t  <input class='start_position' type='text' value='-10%' style='display:none;'>\r\n      \t              <input class='end_position' type='text' value='120%' style='display:none;'>\r\n      \t            <\/div>\r\n      \t     \t  <\/div>\r\n\r\n            <\/div>\r\n\r\n\t\t  <\/div>\r\n\r\n  <\/div><\/div><div class=\"wpb_column vc_column_container vc_col-sm-6\"><div class=\"wpb_wrapper\">\r\n          <div class='hover-image wpb_content_element  vc_align_left'>\r\n            <div class='module-inner' style='width:100%;'>\r\n\r\n              <div class='module-image'>\r\n                <img decoding=\"async\" src=\"https:\/\/equipoeduca.com\/wp-content\/uploads\/2015\/11\/qualification-76737_960_7201-4.jpg\">\r\n              <\/div>\r\n\r\n              <div class='module-content'  style=''>\r\n                <div class='content-inner'>\r\n                  <h4 class=\"pb_title\">Con un servicio de calidad<\/h4>\r\n                  <strong>Pol\u00edtica de Calidad<\/strong> conocida por todos los miembros de la organizaci\u00f3n.<\/p>\n<ul>\n<li><strong>Procedimientos.<\/strong> Realizaci\u00f3n, mantenimiento y revisi\u00f3n de los procedimientos internos y el protocolo de actuaci\u00f3n establecidos por la organizaci\u00f3n para\u00a0la prestaci\u00f3n de\u00a0un servicio \u00f3ptimo.<\/li>\n<li><strong>Plan de mejora.<\/strong> Implantado el plan de mejora continua con una revisi\u00f3n peri\u00f3dica establecida.<\/li>\n<li><strong>Auditorias.<\/strong> Auditor\u00edas internas anuales para la detecci\u00f3n y an\u00e1lisis de incidencias y no conformidades bas\u00e1ndose en un esquema de retroalimentaci\u00f3n y mejora continua.<\/li>\n<\/ul>\n\r\n                <\/div>\r\n              <\/div>\r\n              \r\n              <div class='module-background' style='background-color:#ea9b6e; opacity:0.9'>\r\n              <\/div>\r\n\r\n              <div class='pb_transitions'>\r\n      \t\t\t  \t<div class='pb_css'>\r\n      \t\t\t\t  <style>\r\n      \t\t\t          html:not(.no-csstransitions) .hover-image .module-inner .module-content,\r\n      \t\t\t          html:not(.no-csstransitions) .hover-image .module-inner .module-background {\r\n      \t\t\t            height: 40px;\r\n      \t\t\t          }\r\n      \t\t\t          html:not(.no-csstransitions) .hover-image .module-inner:hover .module-content, \r\n      \t\t\t          html:not(.no-csstransitions) .hover-image .module-inner:hover .module-background { \r\n      \t\t\t            height: 100%;\r\n      \t\t\t          }\r\n      \t\t     \t  <\/style>\r\n      \t\t     \t<\/div>\r\n      \t\t     \t<div class='pb_jquery'>\r\n      \t\t     \t  <input class='start_position' type='text' value='40px' style='display:none;'>\r\n      \t              <input class='end_position' type='text' value='100%' style='display:none;'>\r\n      \t            <\/div>\r\n      \t     \t  <\/div>\r\n\r\n            <\/div>\r\n\r\n\t\t  <\/div>\r\n\r\n  <\/div><\/div><\/div>\n","protected":false},"excerpt":{"rendered":"Un equipo interdisciplinar integrado por profesionales del \u00e1rea de la mediaci\u00f3n familiar, la educaci\u00f3n, el coaching y la psicolog\u00eda. EquipoEduca cree y apuesta por la educaci\u00f3n como herramienta para el desarrollo integral de las personas en las \u00e1reas de Sociedad, Familia y Empresa. EquipoEduca adem\u00e1s de ayudar a las empresas a mantener una actitud proactiva [...]","protected":false},"author":1,"featured_media":72,"parent":0,"menu_order":0,"comment_status":"closed","ping_status":"open","template":"","meta":{"footnotes":""},"class_list":["post-2","page","type-page","status-publish","has-post-thumbnail","hentry"],"_links":{"self":[{"href":"https:\/\/equipoeduca.com\/index.php\/wp-json\/wp\/v2\/pages\/2","targetHints":{"allow":["GET"]}}],"collection":[{"href":"https:\/\/equipoeduca.com\/index.php\/wp-json\/wp\/v2\/pages"}],"about":[{"href":"https:\/\/equipoeduca.com\/index.php\/wp-json\/wp\/v2\/types\/page"}],"author":[{"embeddable":true,"href":"https:\/\/equipoeduca.com\/index.php\/wp-json\/wp\/v2\/users\/1"}],"replies":[{"embeddable":true,"href":"https:\/\/equipoeduca.com\/index.php\/wp-json\/wp\/v2\/comments?post=2"}],"version-history":[{"count":25,"href":"https:\/\/equipoeduca.com\/index.php\/wp-json\/wp\/v2\/pages\/2\/revisions"}],"predecessor-version":[{"id":523,"href":"https:\/\/equipoeduca.com\/index.php\/wp-json\/wp\/v2\/pages\/2\/revisions\/523"}],"wp:featuredmedia":[{"embeddable":true,"href":"https:\/\/equipoeduca.com\/index.php\/wp-json\/wp\/v2\/media\/72"}],"wp:attachment":[{"href":"https:\/\/equipoeduca.com\/index.php\/wp-json\/wp\/v2\/media?parent=2"}],"curies":[{"name":"wp","href":"https:\/\/api.w.org\/{rel}","templated":true}]}}